{"id":1712,"date":"2021-11-21T15:14:44","date_gmt":"2021-11-21T15:14:44","guid":{"rendered":"https:\/\/morevision.net\/index.php\/contact\/"},"modified":"2025-04-02T14:08:53","modified_gmt":"2025-04-02T14:08:53","slug":"vidente-clarividencia-consultas-psiquicas","status":"publish","type":"page","link":"https:\/\/morevision.net\/index.php\/vidente-clarividencia-consultas-psiquicas\/","title":{"rendered":"Contacto"},"content":{"rendered":"\t\t<div data-elementor-type=\"wp-page\" data-elementor-id=\"1712\" class=\"elementor elementor-1712\">\n\t\t\t\t\t\t<section class=\"elementor-section elementor-top-section elementor-element elementor-element-81e2c1b elementor-section-height-min-height elementor-section-boxed elementor-section-height-default elementor-section-items-middle\" data-id=\"81e2c1b\" data-element_type=\"section\" data-e-type=\"section\" data-settings=\"{&quot;background_background&quot;:&quot;classic&quot;}\">\n\t\t\t\t\t\t<div class=\"elementor-container elementor-column-gap-default\">\n\t\t\t\t\t<div class=\"elementor-column elementor-col-100 elementor-top-column elementor-element elementor-element-51920c1\" data-id=\"51920c1\" data-element_type=\"column\" data-e-type=\"column\">\n\t\t\t<div class=\"elementor-widget-wrap elementor-element-populated\">\n\t\t\t\t\t\t<div class=\"elementor-element elementor-element-ebcecc7 elementor-widget elementor-widget-heading\" data-id=\"ebcecc7\" data-element_type=\"widget\" data-e-type=\"widget\" data-widget_type=\"heading.default\">\n\t\t\t\t<div class=\"elementor-widget-container\">\n\t\t\t\t\t<h1 class=\"elementor-heading-title elementor-size-default\">Contacto<\/h1>\t\t\t\t<\/div>\n\t\t\t\t<\/div>\n\t\t\t\t\t<\/div>\n\t\t<\/div>\n\t\t\t\t\t<\/div>\n\t\t<\/section>\n\t\t\t\t<section class=\"elementor-section elementor-top-section elementor-element elementor-element-d181040 elementor-section-boxed elementor-section-height-default elementor-section-height-default\" data-id=\"d181040\" data-element_type=\"section\" data-e-type=\"section\" data-settings=\"{&quot;background_background&quot;:&quot;classic&quot;}\">\n\t\t\t\t\t\t<div class=\"elementor-container elementor-column-gap-default\">\n\t\t\t\t\t<div class=\"elementor-column elementor-col-50 elementor-top-column elementor-element elementor-element-902ab61\" data-id=\"902ab61\" data-element_type=\"column\" data-e-type=\"column\">\n\t\t\t<div class=\"elementor-widget-wrap elementor-element-populated\">\n\t\t\t\t\t\t<div class=\"elementor-element elementor-element-d318e48 elementor-widget elementor-widget-heading\" data-id=\"d318e48\" data-element_type=\"widget\" data-e-type=\"widget\" data-widget_type=\"heading.default\">\n\t\t\t\t<div class=\"elementor-widget-container\">\n\t\t\t\t\t<h2 class=\"elementor-heading-title elementor-size-default\">Ponte en contacto<\/h2>\t\t\t\t<\/div>\n\t\t\t\t<\/div>\n\t\t\t\t<div class=\"elementor-element elementor-element-3f5fb89 elementor-widget elementor-widget-wpforms\" data-id=\"3f5fb89\" data-element_type=\"widget\" data-e-type=\"widget\" data-widget_type=\"wpforms.default\">\n\t\t\t\t<div class=\"elementor-widget-container\">\n\t\t\t\t\t<div class=\"wpforms-container \" id=\"wpforms-43\"><form id=\"wpforms-form-43\" class=\"wpforms-validate wpforms-form wpforms-ajax-form\" data-formid=\"43\" method=\"post\" enctype=\"multipart\/form-data\" action=\"\/index.php\/wp-json\/wp\/v2\/pages\/1712\" data-token=\"5182160e75f6ab94ba9745b3fde07dc9\" data-token-time=\"1777673620\"><noscript class=\"wpforms-error-noscript\">Please enable JavaScript in your browser to complete this form.<\/noscript><div class=\"wpforms-field-container\"><div id=\"wpforms-43-field_1-container\" class=\"wpforms-field wpforms-field-text\" data-field-id=\"1\"><label class=\"wpforms-field-label wpforms-label-hide\" for=\"wpforms-43-field_1\">Nombre <span class=\"wpforms-required-label\">*<\/span><\/label><input type=\"text\" id=\"wpforms-43-field_1\" class=\"wpforms-field-large wpforms-field-required\" name=\"wpforms[fields][1]\" placeholder=\"Nombre\" required><\/div><div id=\"wpforms-43-field_2-container\" class=\"wpforms-field wpforms-field-number\" data-field-id=\"2\"><label class=\"wpforms-field-label wpforms-label-hide\" for=\"wpforms-43-field_2\">Tel\u00e9fono<\/label><input type=\"number\" id=\"wpforms-43-field_2\" class=\"wpforms-field-large\" name=\"wpforms[fields][2]\" placeholder=\"Tel\u00e9fono\" step=\"any\" ><\/div><div id=\"wpforms-43-field_3-container\" class=\"wpforms-field wpforms-field-email\" data-field-id=\"3\"><label class=\"wpforms-field-label wpforms-label-hide\" for=\"wpforms-43-field_3\">Correo Electr\u00f3nico <span class=\"wpforms-required-label\">*<\/span><\/label><input type=\"email\" id=\"wpforms-43-field_3\" class=\"wpforms-field-large wpforms-field-required\" name=\"wpforms[fields][3]\" placeholder=\"Correo Electr\u00f3nico\" spellcheck=\"false\" required><\/div><div id=\"wpforms-43-field_4-container\" class=\"wpforms-field wpforms-field-textarea\" data-field-id=\"4\"><label class=\"wpforms-field-label wpforms-label-hide\" for=\"wpforms-43-field_4\">Mensaje<\/label><textarea id=\"wpforms-43-field_4\" class=\"wpforms-field-medium\" name=\"wpforms[fields][4]\" placeholder=\"Mensaje\" ><\/textarea><\/div><\/div><!-- .wpforms-field-container --><div class=\"wpforms-submit-container\" ><input type=\"hidden\" name=\"wpforms[id]\" value=\"43\"><input type=\"hidden\" name=\"page_title\" value=\"\"><input type=\"hidden\" name=\"page_url\" value=\"https:\/\/morevision.net\/index.php\/wp-json\/wp\/v2\/pages\/1712\"><input type=\"hidden\" name=\"url_referer\" value=\"\"><button type=\"submit\" name=\"wpforms[submit]\" id=\"wpforms-submit-43\" class=\"wpforms-submit\" data-alt-text=\"Enviando...\" data-submit-text=\"ENVIAR AHORA\" aria-live=\"assertive\" value=\"wpforms-submit\">ENVIAR AHORA<\/button><img decoding=\"async\" src=\"https:\/\/morevision.net\/wp-content\/plugins\/wpforms-lite\/assets\/images\/submit-spin.svg\" class=\"wpforms-submit-spinner\" style=\"display: none;\" width=\"26\" height=\"26\" alt=\"Loading\"><\/div><\/form><\/div>  <!-- .wpforms-container -->\t\t\t\t<\/div>\n\t\t\t\t<\/div>\n\t\t\t\t\t<\/div>\n\t\t<\/div>\n\t\t\t\t<div class=\"elementor-column elementor-col-50 elementor-top-column elementor-element elementor-element-2e9938b\" data-id=\"2e9938b\" data-element_type=\"column\" data-e-type=\"column\">\n\t\t\t<div class=\"elementor-widget-wrap elementor-element-populated\">\n\t\t\t\t\t\t<div class=\"elementor-element elementor-element-20e45a4 elementor-widget elementor-widget-heading\" data-id=\"20e45a4\" data-element_type=\"widget\" data-e-type=\"widget\" data-widget_type=\"heading.default\">\n\t\t\t\t<div class=\"elementor-widget-container\">\n\t\t\t\t\t<h2 class=\"elementor-heading-title elementor-size-default\">H\u00e1blame<\/h2>\t\t\t\t<\/div>\n\t\t\t\t<\/div>\n\t\t\t\t<div class=\"elementor-element elementor-element-57e4ce7 elementor-widget elementor-widget-icon-box\" data-id=\"57e4ce7\" data-element_type=\"widget\" data-e-type=\"widget\" data-widget_type=\"icon-box.default\">\n\t\t\t\t<div class=\"elementor-widget-container\">\n\t\t\t\t\t\t\t<div class=\"elementor-icon-box-wrapper\">\n\n\t\t\t\n\t\t\t\t\t\t<div class=\"elementor-icon-box-content\">\n\n\t\t\t\t\t\t\t\t\t<h3 class=\"elementor-icon-box-title\">\n\t\t\t\t\t\t<span  >\n\t\t\t\t\t\t\tCorreo electr\u00f3nico\t\t\t\t\t\t<\/span>\n\t\t\t\t\t<\/h3>\n\t\t\t\t\n\t\t\t\t\t\t\t\t\t<p class=\"elementor-icon-box-description\">\n\t\t\t\t\t\tjose@morevisio.net\t\t\t\t\t<\/p>\n\t\t\t\t\n\t\t\t<\/div>\n\t\t\t\n\t\t<\/div>\n\t\t\t\t\t\t<\/div>\n\t\t\t\t<\/div>\n\t\t\t\t<div class=\"elementor-element elementor-element-b4328f8 elementor-widget elementor-widget-icon-box\" data-id=\"b4328f8\" data-element_type=\"widget\" data-e-type=\"widget\" data-widget_type=\"icon-box.default\">\n\t\t\t\t<div class=\"elementor-widget-container\">\n\t\t\t\t\t\t\t<div class=\"elementor-icon-box-wrapper\">\n\n\t\t\t\n\t\t\t\t\t\t<div class=\"elementor-icon-box-content\">\n\n\t\t\t\t\t\t\t\t\t<h3 class=\"elementor-icon-box-title\">\n\t\t\t\t\t\t<span  >\n\t\t\t\t\t\t\tTEL\u00c9FONO\t\t\t\t\t\t<\/span>\n\t\t\t\t\t<\/h3>\n\t\t\t\t\n\t\t\t\t\t\t\t\t\t<p class=\"elementor-icon-box-description\">\n\t\t\t\t\t\t407-595-9248\t\t\t\t\t<\/p>\n\t\t\t\t\n\t\t\t<\/div>\n\t\t\t\n\t\t<\/div>\n\t\t\t\t\t\t<\/div>\n\t\t\t\t<\/div>\n\t\t\t\t<div class=\"elementor-element elementor-element-ed7c417 elementor-widget elementor-widget-heading\" data-id=\"ed7c417\" data-element_type=\"widget\" data-e-type=\"widget\" data-widget_type=\"heading.default\">\n\t\t\t\t<div class=\"elementor-widget-container\">\n\t\t\t\t\t<h4 class=\"elementor-heading-title elementor-size-default\">S\u00edgueme:<\/h4>\t\t\t\t<\/div>\n\t\t\t\t<\/div>\n\t\t\t\t<div class=\"elementor-element elementor-element-5e6c7b0 elementor-shape-circle e-grid-align-left e-grid-align-mobile-center elementor-grid-0 elementor-widget elementor-widget-social-icons\" data-id=\"5e6c7b0\" data-element_type=\"widget\" data-e-type=\"widget\" data-widget_type=\"social-icons.default\">\n\t\t\t\t<div class=\"elementor-widget-container\">\n\t\t\t\t\t\t\t<div class=\"elementor-social-icons-wrapper elementor-grid\" role=\"list\">\n\t\t\t\t\t\t\t<span class=\"elementor-grid-item\" role=\"listitem\">\n\t\t\t\t\t<a class=\"elementor-icon elementor-social-icon elementor-social-icon-facebook-f elementor-repeater-item-eeabe90\" href=\"https:\/\/www.facebook.com\/jose.ortiz.el.buen.samaritano\/\" target=\"_blank\">\n\t\t\t\t\t\t<span class=\"elementor-screen-only\">Facebook-f<\/span>\n\t\t\t\t\t\t<i aria-hidden=\"true\" class=\"fab fa-facebook-f\"><\/i>\t\t\t\t\t<\/a>\n\t\t\t\t<\/span>\n\t\t\t\t\t\t\t<span class=\"elementor-grid-item\" role=\"listitem\">\n\t\t\t\t\t<a class=\"elementor-icon elementor-social-icon elementor-social-icon-twitter elementor-repeater-item-0435d16\" href=\"https:\/\/www.youtube.com\/@JoseOrtizSamaritano\" target=\"_blank\">\n\t\t\t\t\t\t<span class=\"elementor-screen-only\">Twitter<\/span>\n\t\t\t\t\t\t<i aria-hidden=\"true\" class=\"fab fa-twitter\"><\/i>\t\t\t\t\t<\/a>\n\t\t\t\t<\/span>\n\t\t\t\t\t\t\t<span class=\"elementor-grid-item\" role=\"listitem\">\n\t\t\t\t\t<a class=\"elementor-icon elementor-social-icon elementor-social-icon-youtube elementor-repeater-item-59ca6d6\" href=\"https:\/\/www.youtube.com\/@JoseOrtizSamaritano\" target=\"_blank\">\n\t\t\t\t\t\t<span class=\"elementor-screen-only\">Youtube<\/span>\n\t\t\t\t\t\t<i aria-hidden=\"true\" class=\"fab fa-youtube\"><\/i>\t\t\t\t\t<\/a>\n\t\t\t\t<\/span>\n\t\t\t\t\t\t\t<span class=\"elementor-grid-item\" role=\"listitem\">\n\t\t\t\t\t<a class=\"elementor-icon elementor-social-icon elementor-social-icon-instagram elementor-repeater-item-3c47639\" href=\"https:\/\/www.instagram.com\/jose_ortiz_el_buen_samaritano\" target=\"_blank\">\n\t\t\t\t\t\t<span class=\"elementor-screen-only\">Instagram<\/span>\n\t\t\t\t\t\t<i aria-hidden=\"true\" class=\"fab fa-instagram\"><\/i>\t\t\t\t\t<\/a>\n\t\t\t\t<\/span>\n\t\t\t\t\t<\/div>\n\t\t\t\t\t\t<\/div>\n\t\t\t\t<\/div>\n\t\t\t\t\t<\/div>\n\t\t<\/div>\n\t\t\t\t\t<\/div>\n\t\t<\/section>\n\t\t\t\t<\/div>\n\t\t","protected":false},"excerpt":{"rendered":"<p>Contacto Ponte en contacto Please enable JavaScript in your browser to complete this form.Nombre *Tel\u00e9fonoCorreo Electr\u00f3nico *Mensaje ENVIAR AHORA H\u00e1blame Correo electr\u00f3nico jose@morevisio.net TEL\u00c9FONO 407-595-9248 S\u00edgueme: Facebook-f Twitter Youtube Instagram<\/p>\n","protected":false},"author":1,"featured_media":0,"parent":0,"menu_order":0,"comment_status":"closed","ping_status":"closed","template":"","meta":{"site-sidebar-layout":"no-sidebar","site-content-layout":"page-builder","ast-site-content-layout":"full-width-container","site-content-style":"unboxed","site-sidebar-style":"unboxed","ast-global-header-display":"","ast-banner-title-visibility":"","ast-main-header-display":"","ast-hfb-above-header-display":"","ast-hfb-below-header-display":"","ast-hfb-mobile-header-display":"","site-post-title":"disabled","ast-breadcrumbs-content":"","ast-featured-img":"disabled","footer-sml-layout":"","theme-transparent-header-meta":"enabled","adv-header-id-meta":"","stick-header-meta":"","header-above-stick-meta":"","header-main-stick-meta":"","header-below-stick-meta":"","astra-migrate-meta-layouts":"set","ast-page-background-enabled":"default","ast-page-background-meta":{"desktop":{"background-color":"var(--ast-global-color-4)","background-image":"","background-repeat":"repeat","background-position":"center center","background-size":"auto","background-attachment":"scroll","background-type":"","background-media":"","overlay-type":"","overlay-color":"","overlay-opacity":"","overlay-gradient":""},"tablet":{"background-color":"","background-image":"","background-repeat":"repeat","background-position":"center center","background-size":"auto","background-attachment":"scroll","background-type":"","background-media":"","overlay-type":"","overlay-color":"","overlay-opacity":"","overlay-gradient":""},"mobile":{"background-color":"","background-image":"","background-repeat":"repeat","background-position":"center center","background-size":"auto","background-attachment":"scroll","background-type":"","background-media":"","overlay-type":"","overlay-color":"","overlay-opacity":"","overlay-gradient":""}},"ast-content-background-meta":{"desktop":{"background-color":"var(--ast-global-color-5)","background-image":"","background-repeat":"repeat","background-position":"center center","background-size":"auto","background-attachment":"scroll","background-type":"","background-media":"","overlay-type":"","overlay-color":"","overlay-opacity":"","overlay-gradient":""},"tablet":{"background-color":"var(--ast-global-color-5)","background-image":"","background-repeat":"repeat","background-position":"center center","background-size":"auto","background-attachment":"scroll","background-type":"","background-media":"","overlay-type":"","overlay-color":"","overlay-opacity":"","overlay-gradient":""},"mobile":{"background-color":"var(--ast-global-color-5)","background-image":"","background-repeat":"repeat","background-position":"center center","background-size":"auto","background-attachment":"scroll","background-type":"","background-media":"","overlay-type":"","overlay-color":"","overlay-opacity":"","overlay-gradient":""}},"footnotes":""},"class_list":["post-1712","page","type-page","status-publish","hentry"],"yoast_head":"<!-- This site is optimized with the Yoast SEO plugin v27.5 - https:\/\/yoast.com\/product\/yoast-seo-wordpress\/ -->\n<title>Contacto - Jose\u0301 Ortiz El Buen Samaritano | Vidente | Clarividente | Ps\u00edquico<\/title>\n<meta name=\"description\" content=\"Obt\u00e9n una consulta de Jos\u00e9 Ortiz &#039;El Buen Samaritano&#039;, un renombrado ps\u00edquico vidente en clarividencia, tarot, astrolog\u00eda y hor\u00f3scopos.\" \/>\n<meta name=\"robots\" content=\"index, follow, max-snippet:-1, max-image-preview:large, max-video-preview:-1\" \/>\n<link rel=\"canonical\" href=\"https:\/\/morevision.net\/index.php\/vidente-clarividencia-consultas-psiquicas\/\" \/>\n<meta property=\"og:locale\" content=\"en_US\" \/>\n<meta property=\"og:type\" content=\"article\" \/>\n<meta property=\"og:title\" content=\"Contacto - Jose\u0301 Ortiz El Buen Samaritano | Vidente | Clarividente | Ps\u00edquico\" \/>\n<meta property=\"og:description\" content=\"Obt\u00e9n una consulta de Jos\u00e9 Ortiz &#039;El Buen Samaritano&#039;, un renombrado ps\u00edquico vidente en clarividencia, tarot, astrolog\u00eda y hor\u00f3scopos.\" \/>\n<meta property=\"og:url\" content=\"https:\/\/morevision.net\/index.php\/vidente-clarividencia-consultas-psiquicas\/\" \/>\n<meta property=\"og:site_name\" content=\"Jose\u0301 Ortiz El Buen Samaritano | Vidente | Clarividente | Ps\u00edquico\" \/>\n<meta property=\"article:modified_time\" content=\"2025-04-02T14:08:53+00:00\" \/>\n<meta property=\"og:image\" content=\"https:\/\/morevision.net\/wp-content\/plugins\/wpforms-lite\/assets\/images\/submit-spin.svg\" \/>\n<meta name=\"twitter:card\" content=\"summary_large_image\" \/>\n<meta name=\"twitter:label1\" content=\"Est. reading time\" \/>\n\t<meta name=\"twitter:data1\" content=\"1 minute\" \/>\n<script type=\"application\/ld+json\" class=\"yoast-schema-graph\">{\"@context\":\"https:\\\/\\\/schema.org\",\"@graph\":[{\"@type\":\"WebPage\",\"@id\":\"https:\\\/\\\/morevision.net\\\/index.php\\\/vidente-clarividencia-consultas-psiquicas\\\/\",\"url\":\"https:\\\/\\\/morevision.net\\\/index.php\\\/vidente-clarividencia-consultas-psiquicas\\\/\",\"name\":\"Contacto - Jose\u0301 Ortiz El Buen Samaritano | Vidente | Clarividente | Ps\u00edquico\",\"isPartOf\":{\"@id\":\"https:\\\/\\\/morevision.net\\\/#website\"},\"primaryImageOfPage\":{\"@id\":\"https:\\\/\\\/morevision.net\\\/index.php\\\/vidente-clarividencia-consultas-psiquicas\\\/#primaryimage\"},\"image\":{\"@id\":\"https:\\\/\\\/morevision.net\\\/index.php\\\/vidente-clarividencia-consultas-psiquicas\\\/#primaryimage\"},\"thumbnailUrl\":\"https:\\\/\\\/morevision.net\\\/wp-content\\\/plugins\\\/wpforms-lite\\\/assets\\\/images\\\/submit-spin.svg\",\"datePublished\":\"2021-11-21T15:14:44+00:00\",\"dateModified\":\"2025-04-02T14:08:53+00:00\",\"description\":\"Obt\u00e9n una consulta de Jos\u00e9 Ortiz 'El Buen Samaritano', un renombrado ps\u00edquico vidente en clarividencia, tarot, astrolog\u00eda y hor\u00f3scopos.\",\"breadcrumb\":{\"@id\":\"https:\\\/\\\/morevision.net\\\/index.php\\\/vidente-clarividencia-consultas-psiquicas\\\/#breadcrumb\"},\"inLanguage\":\"en-US\",\"potentialAction\":[{\"@type\":\"ReadAction\",\"target\":[\"https:\\\/\\\/morevision.net\\\/index.php\\\/vidente-clarividencia-consultas-psiquicas\\\/\"]}]},{\"@type\":\"ImageObject\",\"inLanguage\":\"en-US\",\"@id\":\"https:\\\/\\\/morevision.net\\\/index.php\\\/vidente-clarividencia-consultas-psiquicas\\\/#primaryimage\",\"url\":\"https:\\\/\\\/morevision.net\\\/wp-content\\\/plugins\\\/wpforms-lite\\\/assets\\\/images\\\/submit-spin.svg\",\"contentUrl\":\"https:\\\/\\\/morevision.net\\\/wp-content\\\/plugins\\\/wpforms-lite\\\/assets\\\/images\\\/submit-spin.svg\"},{\"@type\":\"BreadcrumbList\",\"@id\":\"https:\\\/\\\/morevision.net\\\/index.php\\\/vidente-clarividencia-consultas-psiquicas\\\/#breadcrumb\",\"itemListElement\":[{\"@type\":\"ListItem\",\"position\":1,\"name\":\"Home\",\"item\":\"https:\\\/\\\/morevision.net\\\/\"},{\"@type\":\"ListItem\",\"position\":2,\"name\":\"Contacto\"}]},{\"@type\":\"WebSite\",\"@id\":\"https:\\\/\\\/morevision.net\\\/#website\",\"url\":\"https:\\\/\\\/morevision.net\\\/\",\"name\":\"Jose\u0301 Ortiz El Buen Samaritano | Vidente | Clarividente | Ps\u00edquico\",\"description\":\"Consultas de clarividencia, tarot, astrolog\u00eda y hor\u00f3scopos\",\"potentialAction\":[{\"@type\":\"SearchAction\",\"target\":{\"@type\":\"EntryPoint\",\"urlTemplate\":\"https:\\\/\\\/morevision.net\\\/?s={search_term_string}\"},\"query-input\":{\"@type\":\"PropertyValueSpecification\",\"valueRequired\":true,\"valueName\":\"search_term_string\"}}],\"inLanguage\":\"en-US\"}]}<\/script>\n<!-- \/ Yoast SEO plugin. -->","yoast_head_json":{"title":"Contacto - Jose\u0301 Ortiz El Buen Samaritano | Vidente | Clarividente | Ps\u00edquico","description":"Obt\u00e9n una consulta de Jos\u00e9 Ortiz 'El Buen Samaritano', un renombrado ps\u00edquico vidente en clarividencia, tarot, astrolog\u00eda y hor\u00f3scopos.","robots":{"index":"index","follow":"follow","max-snippet":"max-snippet:-1","max-image-preview":"max-image-preview:large","max-video-preview":"max-video-preview:-1"},"canonical":"https:\/\/morevision.net\/index.php\/vidente-clarividencia-consultas-psiquicas\/","og_locale":"en_US","og_type":"article","og_title":"Contacto - Jose\u0301 Ortiz El Buen Samaritano | Vidente | Clarividente | Ps\u00edquico","og_description":"Obt\u00e9n una consulta de Jos\u00e9 Ortiz 'El Buen Samaritano', un renombrado ps\u00edquico vidente en clarividencia, tarot, astrolog\u00eda y hor\u00f3scopos.","og_url":"https:\/\/morevision.net\/index.php\/vidente-clarividencia-consultas-psiquicas\/","og_site_name":"Jose\u0301 Ortiz El Buen Samaritano | Vidente | Clarividente | Ps\u00edquico","article_modified_time":"2025-04-02T14:08:53+00:00","og_image":[{"url":"https:\/\/morevision.net\/wp-content\/plugins\/wpforms-lite\/assets\/images\/submit-spin.svg","type":"","width":"","height":""}],"twitter_card":"summary_large_image","twitter_misc":{"Est. reading time":"1 minute"},"schema":{"@context":"https:\/\/schema.org","@graph":[{"@type":"WebPage","@id":"https:\/\/morevision.net\/index.php\/vidente-clarividencia-consultas-psiquicas\/","url":"https:\/\/morevision.net\/index.php\/vidente-clarividencia-consultas-psiquicas\/","name":"Contacto - Jose\u0301 Ortiz El Buen Samaritano | Vidente | Clarividente | Ps\u00edquico","isPartOf":{"@id":"https:\/\/morevision.net\/#website"},"primaryImageOfPage":{"@id":"https:\/\/morevision.net\/index.php\/vidente-clarividencia-consultas-psiquicas\/#primaryimage"},"image":{"@id":"https:\/\/morevision.net\/index.php\/vidente-clarividencia-consultas-psiquicas\/#primaryimage"},"thumbnailUrl":"https:\/\/morevision.net\/wp-content\/plugins\/wpforms-lite\/assets\/images\/submit-spin.svg","datePublished":"2021-11-21T15:14:44+00:00","dateModified":"2025-04-02T14:08:53+00:00","description":"Obt\u00e9n una consulta de Jos\u00e9 Ortiz 'El Buen Samaritano', un renombrado ps\u00edquico vidente en clarividencia, tarot, astrolog\u00eda y hor\u00f3scopos.","breadcrumb":{"@id":"https:\/\/morevision.net\/index.php\/vidente-clarividencia-consultas-psiquicas\/#breadcrumb"},"inLanguage":"en-US","potentialAction":[{"@type":"ReadAction","target":["https:\/\/morevision.net\/index.php\/vidente-clarividencia-consultas-psiquicas\/"]}]},{"@type":"ImageObject","inLanguage":"en-US","@id":"https:\/\/morevision.net\/index.php\/vidente-clarividencia-consultas-psiquicas\/#primaryimage","url":"https:\/\/morevision.net\/wp-content\/plugins\/wpforms-lite\/assets\/images\/submit-spin.svg","contentUrl":"https:\/\/morevision.net\/wp-content\/plugins\/wpforms-lite\/assets\/images\/submit-spin.svg"},{"@type":"BreadcrumbList","@id":"https:\/\/morevision.net\/index.php\/vidente-clarividencia-consultas-psiquicas\/#breadcrumb","itemListElement":[{"@type":"ListItem","position":1,"name":"Home","item":"https:\/\/morevision.net\/"},{"@type":"ListItem","position":2,"name":"Contacto"}]},{"@type":"WebSite","@id":"https:\/\/morevision.net\/#website","url":"https:\/\/morevision.net\/","name":"Jose\u0301 Ortiz El Buen Samaritano | Vidente | Clarividente | Ps\u00edquico","description":"Consultas de clarividencia, tarot, astrolog\u00eda y hor\u00f3scopos","potentialAction":[{"@type":"SearchAction","target":{"@type":"EntryPoint","urlTemplate":"https:\/\/morevision.net\/?s={search_term_string}"},"query-input":{"@type":"PropertyValueSpecification","valueRequired":true,"valueName":"search_term_string"}}],"inLanguage":"en-US"}]}},"_links":{"self":[{"href":"https:\/\/morevision.net\/index.php\/wp-json\/wp\/v2\/pages\/1712","targetHints":{"allow":["GET"]}}],"collection":[{"href":"https:\/\/morevision.net\/index.php\/wp-json\/wp\/v2\/pages"}],"about":[{"href":"https:\/\/morevision.net\/index.php\/wp-json\/wp\/v2\/types\/page"}],"author":[{"embeddable":true,"href":"https:\/\/morevision.net\/index.php\/wp-json\/wp\/v2\/users\/1"}],"replies":[{"embeddable":true,"href":"https:\/\/morevision.net\/index.php\/wp-json\/wp\/v2\/comments?post=1712"}],"version-history":[{"count":12,"href":"https:\/\/morevision.net\/index.php\/wp-json\/wp\/v2\/pages\/1712\/revisions"}],"predecessor-version":[{"id":2209,"href":"https:\/\/morevision.net\/index.php\/wp-json\/wp\/v2\/pages\/1712\/revisions\/2209"}],"wp:attachment":[{"href":"https:\/\/morevision.net\/index.php\/wp-json\/wp\/v2\/media?parent=1712"}],"curies":[{"name":"wp","href":"https:\/\/api.w.org\/{rel}","templated":true}]}}